{"id":50,"date":"2018-06-20T12:46:32","date_gmt":"2018-06-20T10:46:32","guid":{"rendered":"https:\/\/veiga-law.com\/2017\/port\/?page_id=50"},"modified":"2024-11-18T15:54:03","modified_gmt":"2024-11-18T14:54:03","slug":"datenschutz","status":"publish","type":"page","link":"https:\/\/veiga-law.com\/2017\/port\/datenschutz\/","title":{"rendered":"Pol\u00edtica de Privacidade"},"content":{"rendered":"<p><div class=\"fusion-fullwidth fullwidth-box fusion-builder-row-1 nonhundred-percent-fullwidth non-hundred-percent-height-scrolling\" style=\"--awb-border-radius-top-left:0px;--awb-border-radius-top-right:0px;--awb-border-radius-bottom-right:0px;--awb-border-radius-bottom-left:0px;--awb-margin-top:-70px;--awb-margin-bottom:0px;--awb-background-color:#4e88aa;--awb-flex-wrap:wrap;\" ><div class=\"fusion-builder-row fusion-row\"><div class=\"fusion-layout-column fusion_builder_column fusion-builder-column-0 fusion_builder_column_1_1 1_1 fusion-one-full fusion-column-first fusion-column-last\" style=\"--awb-padding-top:40px;--awb-bg-color:#4e88aa;--awb-bg-color-hover:#4e88aa;--awb-bg-size:cover;--awb-margin-bottom:0px;\"><div class=\"fusion-column-wrapper fusion-flex-column-wrapper-legacy\"><div class=\"fusion-content-boxes content-boxes columns row fusion-columns-4 fusion-columns-total-4 fusion-content-boxes-1 content-boxes-icon-with-title content-left information\" style=\"--awb-backgroundcolor:rgba(160,160,160,0);--awb-body-color:#ffffff;--awb-title-color:#ffffff;--awb-margin-top:0px;--awb-margin-bottom:0px;--awb-hover-accent-color:#a0ce4e;--awb-circle-hover-accent-color:#a0ce4e;\" data-animationOffset=\"top-into-view\"><div style=\"--awb-backgroundcolor:rgba(160,160,160,0);\" class=\"fusion-column content-box-column content-box-column content-box-column-1 col-lg-3 col-md-3 col-sm-3 fusion-content-box-hover content-box-column-first-in-row\"><div class=\"col content-box-wrapper content-wrapper link-area-link-icon icon-hover-animation-fade\" data-animationOffset=\"top-into-view\"><div class=\"fusion-clearfix\"><\/div><div class=\"content-container\">\n<p><strong>Maria Veiga<\/strong><br \/>\nAdvogada de Direito alem\u00e3o<br \/>\nAdvogada Especializada em Direito do Trabalho<\/p>\n<\/div><\/div><\/div><div style=\"--awb-backgroundcolor:rgba(160,160,160,0);\" class=\"fusion-column content-box-column content-box-column content-box-column-2 col-lg-3 col-md-3 col-sm-3 fusion-content-box-hover \"><div class=\"col content-box-wrapper content-wrapper link-area-link-icon icon-hover-animation-fade\" data-animationOffset=\"top-into-view\"><div class=\"fusion-clearfix\"><\/div><div class=\"content-container\">\n<p><strong>Outras \u00c1reas de Atividade<\/strong><br \/>\nDireito Comercial e das Sociedades<br \/>\nDireito Europeu e Internacional Privado<br \/>\nDireito de Fam\u00edlia e das Sucess\u00f5es<\/p>\n<\/div><\/div><\/div><div style=\"--awb-backgroundcolor:rgba(160,160,160,0);\" class=\"fusion-column content-box-column content-box-column content-box-column-3 col-lg-3 col-md-3 col-sm-3 fusion-content-box-hover \"><div class=\"col content-box-wrapper content-wrapper link-area-link-icon icon-hover-animation-fade\" data-animationOffset=\"top-into-view\"><div class=\"fusion-clearfix\"><\/div><div class=\"content-container\">\n<p>Wildunger Str. 1a<br \/>\nD-60487 Frankfurt am Main<\/p>\n<\/div><\/div><\/div><div style=\"--awb-backgroundcolor:rgba(150,150,150,0);\" class=\"fusion-column content-box-column content-box-column content-box-column-4 col-lg-3 col-md-3 col-sm-3 fusion-content-box-hover content-box-column-last content-box-column-last-in-row\"><div class=\"col content-box-wrapper content-wrapper link-area-link-icon icon-hover-animation-fade\" data-animationOffset=\"top-into-view\"><div class=\"fusion-clearfix\"><\/div><div class=\"content-container\">\n<p>Telefone +49 (0) 69 970 86 280<br \/>\nFax +49 (0) 69 970 86 281<br \/>\n<a href=\"mailto:mail@veiga-law.com\">mail@veiga-law.com<\/a><br \/>\n<a href=\"https:\/\/veiga-law.com\/2017\/port\/\">www.veiga-law.com<\/a><\/p>\n<\/div><\/div><\/div><div class=\"fusion-clearfix\"><\/div><\/div><div class=\"fusion-clearfix\"><\/div><\/div><\/div><\/div><div class=\"fusion-builder-row fusion-row\"><\/div><\/div><div class=\"fusion-fullwidth fullwidth-box fusion-builder-row-2 nonhundred-percent-fullwidth non-hundred-percent-height-scrolling startseite-rechtsgebiete\" style=\"--awb-border-radius-top-left:0px;--awb-border-radius-top-right:0px;--awb-border-radius-bottom-right:0px;--awb-border-radius-bottom-left:0px;--awb-margin-top:40px;--awb-margin-bottom:60px;--awb-flex-wrap:wrap;\" ><div class=\"fusion-builder-row fusion-row\"><div class=\"fusion-layout-column fusion_builder_column fusion-builder-column-1 fusion_builder_column_1_1 1_1 fusion-one-full fusion-column-first fusion-column-last\" style=\"--awb-bg-size:cover;\"><div class=\"fusion-column-wrapper fusion-flex-column-wrapper-legacy\"><div class=\"fusion-title title fusion-title-1 sep-underline sep-solid fusion-title-text fusion-title-size-two\" style=\"--awb-margin-top-small:0px;--awb-margin-right-small:0px;--awb-margin-bottom-small:20px;--awb-margin-left-small:0px;\"><h2 class=\"fusion-title-heading title-heading-left\" style=\"margin:0;\">POL\u00cdTICA DE PRIVACIDADE<\/h2><\/div><div class=\"fusion-text fusion-text-1\"><div id=\"text\">\n<p><strong>Declara\u00e7\u00e3o de Prote\u00e7\u00e3o de Dados Pessoais\/Pol\u00edtica de Privacidade<\/strong><\/p>\n<p>Agradecemos a sua visita ao nosso Website \u201ewww.veiga-law.com\u201c. A prote\u00e7\u00e3o dos seus dados pessoais \u00e9 muito importante para n\u00f3s. De seguida, prestamos-lhe informa\u00e7\u00f5es sobre o modo como lidamos com os mesmos.<\/p>\n<p><strong>1. Identidade e contactos do respons\u00e1vel pelo tratamento de dados pessoais<\/strong><\/p>\n<p>Respons\u00e1vel pela recolha e pelo tratamento correto de dados pessoais \u00e9 a advogada Maria Veiga, escrit\u00f3rio de advocacia VEIGA Rechtsanwaltskanzlei, Wildunger Str. 1a, 60487 Frankfurt am Main, Email: <a href=\"mailto:mail@veiga-law.com\">mail@veiga-law.com<\/a>, Tel. +49 (0) 69 97086280, Fax: +49 69 97086281.<\/p>\n<p><strong>2. Recolha e Conserva\u00e7\u00e3o de dados pessoais, bem como o modo e a finalidade do seu tratamento <\/strong><\/p>\n<p>Ao aceder ao nosso Website <a href=\"https:\/\/www.veiga-law.com\/portugiesisch\/index.html\">www.veiga-law.com<\/a> ou baixar um arquivo de dados, s\u00e3o enviadas automaticamente informa\u00e7\u00f5es atrav\u00e9s do \u201cbrowser\u201d utilizado pelo seu equipamento terminal ao servidor da nossa Website. Estas informa\u00e7\u00f5es s\u00e3o conservadas temporariamente no nosso servidor num arquivo de dados de protocolo (Logfile). Neste processo, s\u00e3o recolhidas, sem a sua interven\u00e7\u00e3o, as seguintes informa\u00e7\u00f5es, e gravadas at\u00e9 ao seu apagamento autom\u00e1tico:<\/p>\n<ul type=\"disc\">\n<li>O endere\u00e7o IP do processador que acede<\/li>\n<li>Data e hora do acesso<\/li>\n<li>P\u00e1gina acedida, nomeadamente nome e URL do arquivo de dados baixado<\/li>\n<li>Quantidade de ficheiro\/arquivo de dados transmitidos<\/li>\n<li>Comunica\u00e7\u00e3o, se o acesso\/o baixamento de arquivo de dados foi bem sucedido<\/li>\n<li>Website, do qual prov\u00e9m o acesso (Referrer-URL)<\/li>\n<li>Navegador (web-browser) utilizado e eventualmente o sistema operacional do seu computador e o nome do seu fornecedor de acesso (\u201eAccess provider\u201c).<\/li>\n<\/ul>\n<p>Os dados acima referidos s\u00e3o por n\u00f3s tratados com as seguintes finalidades:<\/p>\n<ul>\n<li>Assegurar uma liga\u00e7\u00e3o sem problemas ao nosso Website<\/li>\n<li>Assegurar uma utiliza\u00e7\u00e3o confort\u00e1vel do nosso Website<\/li>\n<li>An\u00e1lise da seguran\u00e7a e da estabilidade do sistema e<\/li>\n<li>Para outros fins administrativos.<\/li>\n<\/ul>\n<p>O fundamento jur\u00eddico para este tratamento dos dados pessoais \u00e9 o artigo 6\u00b0, n\u00b0 1, al\u00ednea f), do Regulamento (UE) 2016\/679 do Parlamento Europeu e do Conselho, de 27 de abril de 2016, relativo \u00e0 prote\u00e7\u00e3o das pessoas singulares no que diz respeito ao tratamento de dados pessoais e \u00e0 livre circula\u00e7\u00e3o desses dados e que revoga a Diretiva 95\/46\/CE (Regulamento Geral sobre a Prote\u00e7\u00e3o de Dados). Os nossos interesses leg\u00edtimos resultam das finalidades da recolha de dados pessoais, acima enumeradas. N\u00e3o utilizamos os dados, em caso algum, com a finalidade de obter conclus\u00f5es relativas \u00e0 sua pessoa.<\/p>\n<p><strong>3. Transmiss\u00e3o\/divulga\u00e7\u00e3o dos dados a terceiros<\/strong><\/p>\n<p>Os seus dados pessoais n\u00e3o s\u00e3o transmitidos\/divulgados a terceiros para outras finalidades que n\u00e3o sejam as indicadas em seguida.<br \/>\nS\u00f3 divulgaremos os seus dados pessoais a terceiros, se:<\/p>\n<ul>\n<li>Nos tiver dado para tal o seu consentimento expresso, nos termos do artigo 6\u00b0, n\u00b0 1, al\u00ednea a), do Regulamento Geral sobre a Prote\u00e7\u00e3o de Dados,<\/li>\n<li>A divulga\u00e7\u00e3o seja necess\u00e1ria para a declara\u00e7\u00e3o, exerc\u00edcio e defesa de um direito jur\u00eddico e n\u00e3o existam motivos para supor que tenha um interesse prevalecente e proteg\u00edvel na n\u00e3o divulga\u00e7\u00e3o dos seus dados,<\/li>\n<li>Se existir uma obriga\u00e7\u00e3o jur\u00eddica para a sua transmiss\u00e3o\/divulga\u00e7\u00e3o, nos termos do artigo 6\u00b0, n\u00b0 1, al\u00ednea c), do Regulamento Geral sobre a Prote\u00e7\u00e3o de Dados,<\/li>\n<li>Se a transmiss\u00e3o\/divulga\u00e7\u00e3o for legalmente permitida e necess\u00e1ria, nos termos do artigo 6\u00b0, n\u00b0 1, al\u00ednea b), do Regulamento Geral sobre a Prote\u00e7\u00e3o de Dados, para a execu\u00e7\u00e3o de contratos consigo<strong>.<\/strong><\/li>\n<\/ul>\n<p><strong>4.\u00a0\u00a0 Prazo de conserva\u00e7\u00e3o dos dados pessoais<\/strong><\/p>\n<p>Desde que por lei n\u00e3o seja exigida uma conserva\u00e7\u00e3o mais prolongada dos dados pessoais, estes ser\u00e3o apagados, quando j\u00e1 n\u00e3o forem necess\u00e1rios para as finalidades indicadas nesta declara\u00e7\u00e3o de prote\u00e7\u00e3o de dados (artigo 13\u00b0 n\u00b0 2, al\u00ednea a), do Regulamento Geral sobre a Prote\u00e7\u00e3o de Dados).<\/p>\n<p><strong>5. Os seus direitos como utilizador do nosso Website\/Direitos do titular:<\/strong><\/p>\n<p>Como titular dos dados tem o direito:<\/p>\n<ul>\n<li>Nos termos do artigo 15\u00b0 do Regulamento Geral sobre a Prote\u00e7\u00e3o de Dados, de exigir obter informa\u00e7\u00f5es acerca dos seus dados pessoais, objeto de tratamento da nossa parte. Poder\u00e1 exigir em especial informa\u00e7\u00f5es sobre as finalidades do tratamento dos dados, as categorias dos dados pessoais em quest\u00e3o, as categorias de destinat\u00e1rios a quem os dados pessoais foram ou ser\u00e3o divulgados, o prazo previsto de conserva\u00e7\u00e3o dos dados pessoais, a exist\u00eancia do direito de solicitar ao respons\u00e1vel pelo tratamento a retifica\u00e7\u00e3o, o apagamento ou a limita\u00e7\u00e3o do tratamento dos dados pessoais ou do direito de se opor a esse tratamento, o direito de apresentar reclama\u00e7\u00e3o a uma autoridade de controlo, se os dados n\u00e3o tiverem sido recolhidos por n\u00f3s, a origem desses dados, bem como de obter informa\u00e7\u00f5es sobre a exist\u00eancia de decis\u00f5es automatizadas, incluindo a defini\u00e7\u00e3o de perfis e eventuais informa\u00e7\u00f5es \u00fateis relativas \u00e0s suas particularidades;<\/li>\n<li>Nos termos do artigo 16\u00b0 do Regulamento Geral sobre a Prote\u00e7\u00e3o de Dados, de obter da nossa parte, sem demora injustificada, a retifica\u00e7\u00e3o dos dados pessoais inexatos que lhe digam respeito ou a completa\u00e7\u00e3o dos seus dados pessoais incompletos, por n\u00f3s conservados.<\/li>\n<li>Nos termos do artigo 17\u00b0 do Regulamento Geral sobre a Prote\u00e7\u00e3o de Dados, de obter o apagamento dos seus dados pessoais, por n\u00f3s conservados, desde que o tratamento n\u00e3o se revele necess\u00e1rio ao exerc\u00edcio da liberdade de express\u00e3o e de informa\u00e7\u00e3o, ao cumprimento de uma obriga\u00e7\u00e3o legal, por motivos de interesse p\u00fablico, ou para efeitos de declara\u00e7\u00e3o, exerc\u00edcio ou defesa de um direito num processo judicial.<\/li>\n<li>Nos termos do artigo 18\u00b0 do Regulamento Geral sobre a Prote\u00e7\u00e3o de Dados, de obter a limita\u00e7\u00e3o do tratamento dos seus dados pessoais, se contestar a exatid\u00e3o dos mesmos, se o tratamento for il\u00edcito, mas se se opuser ao apagamento dos dados e n\u00f3s j\u00e1 n\u00e3o necessitarmos deles, os dados lhe serem contudo necess\u00e1rios para efeitos de declara\u00e7\u00e3o, exerc\u00edcio ou defesa de um direito num processo judicial, ou caso se tenha oposto ao tratamento nos termos do artigo 21\u00b0 do Regulamento Geral sobre a Prote\u00e7\u00e3o de Dados;<\/li>\n<li>Nos termos do artigo 20\u00b0 do Regulamento Geral sobre a Prote\u00e7\u00e3o de Dados, de receber os dados pessoais que nos tenha fornecido num formato estruturado, de uso corrente e de leitura autom\u00e1tica, e o direito de transmitir esses dados a outro respons\u00e1vel pelo tratamento;<\/li>\n<li>Nos termos do artigo 7\u00b0, n\u00b0 3, do Regulamento Geral sobre a Prote\u00e7\u00e3o de Dados, de retirar a qualquer momento o consentimento que numa determinada altura nos deu. A retirada do consentimento tem como consequ\u00eancia, que n\u00e3o poderemos prosseguir, para o futuro, com o tratamento de dados baseado nesse consentimento;<\/li>\n<li>Nos termos do artigo 77\u00b0 do Regulamento Geral sobre a Prote\u00e7\u00e3o de Dados, a apresentar reclama\u00e7\u00e3o a uma autoridade de controlo. Por regra, poder\u00e1 dirigir-se para tal \u00e0 autoridade da sua resid\u00eancia habitual, do seu local de trabalho ou da sede do nosso escrit\u00f3rio.<\/li>\n<\/ul>\n<p><strong><br \/>\n6. Direito de oposi\u00e7\u00e3o<\/strong><\/p>\n<p>Se os seus dados pessoais forem tratados com base em interesses leg\u00edtimos, nos termos do artigo 6\u00b0, n\u00b0 1, al\u00ednea f), do Regulamento Geral sobre a Prote\u00e7\u00e3o de Dados, tem o direito de se opor ao tratamento nos termos do artigo 21\u00b0 do mesmo Regulamento, desde que existam motivos resultantes da sua situa\u00e7\u00e3o particular, ou a oposi\u00e7\u00e3o seja contra a comercializa\u00e7\u00e3o direta. No \u00faltimo caso, poder\u00e1 opor-se a qualquer momento, o que ser\u00e1 cumprido da nossa parte, sem necessidade de indicar uma situa\u00e7\u00e3o particular.<br \/>\nCaso queira fazer uso dos seus direitos de retirar o consentimento ou de oposi\u00e7\u00e3o, bastar\u00e1 um email para: <a href=\"mailto:mail@veiga-law.com\">mail@veiga-law.com<\/a>.<\/p>\n<p><strong>7. Seguran\u00e7a dos dados pessoais<\/strong><\/p>\n<p>Utilizamos no \u00e2mbito da sua visita ao nosso Website o processo SSL (Secure Socket Layer), ligado ao grau mais elevado de criptografia, apoiado pelo seu \u201cbrowser\u201d. Por regra, trata-se de uma criptografia de 256 Bit. Caso o seu \u201cbrowser\u201d n\u00e3o apoie uma criptografia de 256 Bit, recorremos em alternativa \u00e0 tecnologia de 128-Bit v3. Reconhece a transmiss\u00e3o criptografada de uma p\u00e1gina do nosso Website atrav\u00e9s do s\u00edmbolo de cadeado na barra inferior de estado do seu \u201cbrowser\u201d.<br \/>\nPara al\u00e9m disso, servimo-nos de medidas apropriadas de seguran\u00e7a t\u00e9cnica e de organiza\u00e7\u00e3o, com vista a proteger os seus dados contra manipula\u00e7\u00f5es casuais ou propositadas, contra a sua perca ou destrui\u00e7\u00e3o, parcial ou total, bem como contra o acesso indevido por parte de terceiros. As nossas medidas de seguran\u00e7a s\u00e3o continuamente aperfei\u00e7oadas, de acordo com o desenvolvimento tecnol\u00f3gico.<\/p>\n<p><strong>8. Estado atual e altera\u00e7\u00f5es \u00e0 Declara\u00e7\u00e3o\/Pol\u00edtica de Privacidade <\/strong><\/p>\n<p>A presente Pol\u00edtica de Privacidade \u00e9 atualmente vigente, situa\u00e7\u00e3o em maio 2018<\/p>\n<p>Poder\u00e1 vir a ser necess\u00e1rio proceder a altera\u00e7\u00f5es da mesma, seja devido a atualiza\u00e7\u00f5es do nosso Website ou resultantes de altera\u00e7\u00f5es legais e\/ou requisitos por parte de entidades. Poder\u00e1 sempre consultar a vers\u00e3o respectivamente atual da nossa declara\u00e7\u00e3o\/pol\u00edtica de privacidade no nosso Website em <a href=\"https:\/\/www.veiga-law.com\/portugiesisch\/datenschutz.html\">https:\/\/www.veiga-law.com\/datenschutz.html<\/a> e imprimi-la.<\/p>\n<\/div>\n<\/div><div class=\"fusion-clearfix\"><\/div><\/div><\/div><\/div><\/div><div class=\"fusion-fullwidth fullwidth-box fusion-builder-row-3 nonhundred-percent-fullwidth non-hundred-percent-height-scrolling\" style=\"--awb-border-radius-top-left:0px;--awb-border-radius-top-right:0px;--awb-border-radius-bottom-right:0px;--awb-border-radius-bottom-left:0px;--awb-margin-top:-60px;--awb-margin-bottom:0px;--awb-background-color:#4e88aa;--awb-flex-wrap:wrap;\" ><div class=\"fusion-builder-row fusion-row\"><div class=\"fusion-layout-column fusion_builder_column fusion-builder-column-2 fusion_builder_column_1_1 1_1 fusion-one-full fusion-column-first fusion-column-last\" style=\"--awb-padding-top:40px;--awb-bg-color:#4e88aa;--awb-bg-color-hover:#4e88aa;--awb-bg-size:cover;--awb-margin-bottom:0px;\"><div class=\"fusion-column-wrapper fusion-flex-column-wrapper-legacy\"><div class=\"fusion-reading-box-container reading-box-container-1\" style=\"--awb-title-color:#4d88aa;--awb-margin-top:-40px;--awb-margin-bottom:0px;\"><div class=\"reading-box reading-box-center\" style=\"background-color:#4e88aa;border-width:0px;border-color:#f6f6f6;border-style:solid;\"><a class=\"button fusion-button button-default fusion-button-default-size button-default-size button-flat fusion-mobile-button continue-center\" style=\"-webkit-box-shadow:none;-moz-box-shadow:none;box-shadow:none;border-radius:0px 0px 0px 0px\" href=\"https:\/\/veiga-law.com\/2017\/port\/contato\/\" target=\"_self\"><span>Contato<\/span><\/a><\/div><\/div><div class=\"fusion-clearfix\"><\/div><\/div><\/div><\/div><\/div><\/p>\n","protected":false},"excerpt":{"rendered":"","protected":false},"author":1,"featured_media":0,"parent":0,"menu_order":0,"comment_status":"closed","ping_status":"closed","template":"100-width.php","meta":{"footnotes":""},"class_list":["post-50","page","type-page","status-publish","hentry"],"yoast_head":"<!-- This site is optimized with the Yoast SEO plugin v27.2 - https:\/\/yoast.com\/product\/yoast-seo-wordpress\/ -->\n<title>Pol\u00edtica de Privacidade - VEIGA Rechtsanwaltskanzlei - RA Maria de F\u00e1tima Veiga - Frankfurt<\/title>\n<meta name=\"robots\" content=\"index, follow, max-snippet:-1, max-image-preview:large, max-video-preview:-1\" \/>\n<link rel=\"canonical\" href=\"https:\/\/veiga-law.com\/2017\/port\/datenschutz\/\" \/>\n<meta property=\"og:locale\" content=\"pt_PT\" \/>\n<meta property=\"og:type\" content=\"article\" \/>\n<meta property=\"og:title\" content=\"Pol\u00edtica de Privacidade - VEIGA Rechtsanwaltskanzlei - RA Maria de F\u00e1tima Veiga - Frankfurt\" \/>\n<meta property=\"og:url\" content=\"https:\/\/veiga-law.com\/2017\/port\/datenschutz\/\" \/>\n<meta property=\"og:site_name\" content=\"VEIGA Rechtsanwaltskanzlei - RA Maria de F\u00e1tima Veiga - Frankfurt\" \/>\n<meta property=\"article:modified_time\" content=\"2024-11-18T14:54:03+00:00\" \/>\n<meta name=\"twitter:card\" content=\"summary_large_image\" \/>\n<meta name=\"twitter:label1\" content=\"Tempo estimado de leitura\" \/>\n\t<meta name=\"twitter:data1\" content=\"12 minutos\" \/>\n<script type=\"application\/ld+json\" class=\"yoast-schema-graph\">{\"@context\":\"https:\/\/schema.org\",\"@graph\":[{\"@type\":\"WebPage\",\"@id\":\"https:\/\/veiga-law.com\/2017\/port\/datenschutz\/\",\"url\":\"https:\/\/veiga-law.com\/2017\/port\/datenschutz\/\",\"name\":\"Pol\u00edtica de Privacidade - VEIGA Rechtsanwaltskanzlei - RA Maria de F\u00e1tima Veiga - Frankfurt\",\"isPartOf\":{\"@id\":\"https:\/\/veiga-law.com\/2017\/port\/#website\"},\"datePublished\":\"2018-06-20T10:46:32+00:00\",\"dateModified\":\"2024-11-18T14:54:03+00:00\",\"breadcrumb\":{\"@id\":\"https:\/\/veiga-law.com\/2017\/port\/datenschutz\/#breadcrumb\"},\"inLanguage\":\"pt-PT\",\"potentialAction\":[{\"@type\":\"ReadAction\",\"target\":[\"https:\/\/veiga-law.com\/2017\/port\/datenschutz\/\"]}]},{\"@type\":\"BreadcrumbList\",\"@id\":\"https:\/\/veiga-law.com\/2017\/port\/datenschutz\/#breadcrumb\",\"itemListElement\":[{\"@type\":\"ListItem\",\"position\":1,\"name\":\"Startseite\",\"item\":\"https:\/\/veiga-law.com\/2017\/port\/\"},{\"@type\":\"ListItem\",\"position\":2,\"name\":\"Pol\u00edtica de Privacidade\"}]},{\"@type\":\"WebSite\",\"@id\":\"https:\/\/veiga-law.com\/2017\/port\/#website\",\"url\":\"https:\/\/veiga-law.com\/2017\/port\/\",\"name\":\"VEIGA Rechtsanwaltskanzlei - RA Maria de F\u00e1tima Veiga - Frankfurt\",\"description\":\"Eine weitere VEIGA Rechtsanwaltskanzlei - RA Maria Veiga Websites Website\",\"potentialAction\":[{\"@type\":\"SearchAction\",\"target\":{\"@type\":\"EntryPoint\",\"urlTemplate\":\"https:\/\/veiga-law.com\/2017\/port\/?s={search_term_string}\"},\"query-input\":{\"@type\":\"PropertyValueSpecification\",\"valueRequired\":true,\"valueName\":\"search_term_string\"}}],\"inLanguage\":\"pt-PT\"}]}<\/script>\n<!-- \/ Yoast SEO plugin. -->","yoast_head_json":{"title":"Pol\u00edtica de Privacidade - VEIGA Rechtsanwaltskanzlei - RA Maria de F\u00e1tima Veiga - Frankfurt","robots":{"index":"index","follow":"follow","max-snippet":"max-snippet:-1","max-image-preview":"max-image-preview:large","max-video-preview":"max-video-preview:-1"},"canonical":"https:\/\/veiga-law.com\/2017\/port\/datenschutz\/","og_locale":"pt_PT","og_type":"article","og_title":"Pol\u00edtica de Privacidade - VEIGA Rechtsanwaltskanzlei - RA Maria de F\u00e1tima Veiga - Frankfurt","og_url":"https:\/\/veiga-law.com\/2017\/port\/datenschutz\/","og_site_name":"VEIGA Rechtsanwaltskanzlei - RA Maria de F\u00e1tima Veiga - Frankfurt","article_modified_time":"2024-11-18T14:54:03+00:00","twitter_card":"summary_large_image","twitter_misc":{"Tempo estimado de leitura":"12 minutos"},"schema":{"@context":"https:\/\/schema.org","@graph":[{"@type":"WebPage","@id":"https:\/\/veiga-law.com\/2017\/port\/datenschutz\/","url":"https:\/\/veiga-law.com\/2017\/port\/datenschutz\/","name":"Pol\u00edtica de Privacidade - VEIGA Rechtsanwaltskanzlei - RA Maria de F\u00e1tima Veiga - Frankfurt","isPartOf":{"@id":"https:\/\/veiga-law.com\/2017\/port\/#website"},"datePublished":"2018-06-20T10:46:32+00:00","dateModified":"2024-11-18T14:54:03+00:00","breadcrumb":{"@id":"https:\/\/veiga-law.com\/2017\/port\/datenschutz\/#breadcrumb"},"inLanguage":"pt-PT","potentialAction":[{"@type":"ReadAction","target":["https:\/\/veiga-law.com\/2017\/port\/datenschutz\/"]}]},{"@type":"BreadcrumbList","@id":"https:\/\/veiga-law.com\/2017\/port\/datenschutz\/#breadcrumb","itemListElement":[{"@type":"ListItem","position":1,"name":"Startseite","item":"https:\/\/veiga-law.com\/2017\/port\/"},{"@type":"ListItem","position":2,"name":"Pol\u00edtica de Privacidade"}]},{"@type":"WebSite","@id":"https:\/\/veiga-law.com\/2017\/port\/#website","url":"https:\/\/veiga-law.com\/2017\/port\/","name":"VEIGA Rechtsanwaltskanzlei - RA Maria de F\u00e1tima Veiga - Frankfurt","description":"Eine weitere VEIGA Rechtsanwaltskanzlei - RA Maria Veiga Websites Website","potentialAction":[{"@type":"SearchAction","target":{"@type":"EntryPoint","urlTemplate":"https:\/\/veiga-law.com\/2017\/port\/?s={search_term_string}"},"query-input":{"@type":"PropertyValueSpecification","valueRequired":true,"valueName":"search_term_string"}}],"inLanguage":"pt-PT"}]}},"_links":{"self":[{"href":"https:\/\/veiga-law.com\/2017\/port\/wp-json\/wp\/v2\/pages\/50","targetHints":{"allow":["GET"]}}],"collection":[{"href":"https:\/\/veiga-law.com\/2017\/port\/wp-json\/wp\/v2\/pages"}],"about":[{"href":"https:\/\/veiga-law.com\/2017\/port\/wp-json\/wp\/v2\/types\/page"}],"author":[{"embeddable":true,"href":"https:\/\/veiga-law.com\/2017\/port\/wp-json\/wp\/v2\/users\/1"}],"replies":[{"embeddable":true,"href":"https:\/\/veiga-law.com\/2017\/port\/wp-json\/wp\/v2\/comments?post=50"}],"version-history":[{"count":10,"href":"https:\/\/veiga-law.com\/2017\/port\/wp-json\/wp\/v2\/pages\/50\/revisions"}],"predecessor-version":[{"id":203,"href":"https:\/\/veiga-law.com\/2017\/port\/wp-json\/wp\/v2\/pages\/50\/revisions\/203"}],"wp:attachment":[{"href":"https:\/\/veiga-law.com\/2017\/port\/wp-json\/wp\/v2\/media?parent=50"}],"curies":[{"name":"wp","href":"https:\/\/api.w.org\/{rel}","templated":true}]}}