{"id":54,"date":"2018-06-20T12:48:01","date_gmt":"2018-06-20T10:48:01","guid":{"rendered":"https:\/\/veiga-law.com\/2017\/port\/?page_id=54"},"modified":"2024-11-18T15:52:37","modified_gmt":"2024-11-18T14:52:37","slug":"contato","status":"publish","type":"page","link":"https:\/\/veiga-law.com\/2017\/port\/contato\/","title":{"rendered":"Contato"},"content":{"rendered":"<p><div class=\"fusion-fullwidth fullwidth-box fusion-builder-row-1 nonhundred-percent-fullwidth non-hundred-percent-height-scrolling\" style=\"--awb-border-radius-top-left:0px;--awb-border-radius-top-right:0px;--awb-border-radius-bottom-right:0px;--awb-border-radius-bottom-left:0px;--awb-margin-top:-70px;--awb-margin-bottom:0px;--awb-background-color:#4e88aa;--awb-flex-wrap:wrap;\" ><div class=\"fusion-builder-row fusion-row\"><div class=\"fusion-layout-column fusion_builder_column fusion-builder-column-0 fusion_builder_column_1_1 1_1 fusion-one-full fusion-column-first fusion-column-last\" style=\"--awb-padding-top:40px;--awb-bg-color:#4e88aa;--awb-bg-color-hover:#4e88aa;--awb-bg-size:cover;--awb-margin-bottom:0px;\"><div class=\"fusion-column-wrapper fusion-flex-column-wrapper-legacy\"><div class=\"fusion-content-boxes content-boxes columns row fusion-columns-4 fusion-columns-total-4 fusion-content-boxes-1 content-boxes-icon-with-title content-left information\" style=\"--awb-backgroundcolor:rgba(160,160,160,0);--awb-body-color:#ffffff;--awb-title-color:#ffffff;--awb-margin-top:0px;--awb-margin-bottom:0px;--awb-hover-accent-color:#a0ce4e;--awb-circle-hover-accent-color:#a0ce4e;\" data-animationOffset=\"top-into-view\"><div style=\"--awb-backgroundcolor:rgba(160,160,160,0);\" class=\"fusion-column content-box-column content-box-column content-box-column-1 col-lg-3 col-md-3 col-sm-3 fusion-content-box-hover content-box-column-first-in-row\"><div class=\"col content-box-wrapper content-wrapper link-area-link-icon icon-hover-animation-fade\" data-animationOffset=\"top-into-view\"><div class=\"fusion-clearfix\"><\/div><div class=\"content-container\">\n<p><strong>Maria Veiga<\/strong><br \/>\nAdvogada de Direito alem\u00e3o<br \/>\nAdvogada Especializada em Direito do Trabalho<\/p>\n<\/div><\/div><\/div><div style=\"--awb-backgroundcolor:rgba(160,160,160,0);\" class=\"fusion-column content-box-column content-box-column content-box-column-2 col-lg-3 col-md-3 col-sm-3 fusion-content-box-hover \"><div class=\"col content-box-wrapper content-wrapper link-area-link-icon icon-hover-animation-fade\" data-animationOffset=\"top-into-view\"><div class=\"fusion-clearfix\"><\/div><div class=\"content-container\">\n<p><strong>Outras \u00c1reas de Atividade<\/strong><br \/>\nDireito Comercial e das Sociedades<br \/>\nDireito Europeu e Internacional Privado<br \/>\nDireito de Fam\u00edlia e das Sucess\u00f5es<\/p>\n<\/div><\/div><\/div><div style=\"--awb-backgroundcolor:rgba(160,160,160,0);\" class=\"fusion-column content-box-column content-box-column content-box-column-3 col-lg-3 col-md-3 col-sm-3 fusion-content-box-hover \"><div class=\"col content-box-wrapper content-wrapper link-area-link-icon icon-hover-animation-fade\" data-animationOffset=\"top-into-view\"><div class=\"fusion-clearfix\"><\/div><div class=\"content-container\">\n<p>Wildunger Str. 1a<br \/>\nD-60487 Frankfurt am Main<\/p>\n<\/div><\/div><\/div><div style=\"--awb-backgroundcolor:rgba(150,150,150,0);\" class=\"fusion-column content-box-column content-box-column content-box-column-4 col-lg-3 col-md-3 col-sm-3 fusion-content-box-hover content-box-column-last content-box-column-last-in-row\"><div class=\"col content-box-wrapper content-wrapper link-area-link-icon icon-hover-animation-fade\" data-animationOffset=\"top-into-view\"><div class=\"fusion-clearfix\"><\/div><div class=\"content-container\">\n<p>Telefone +49 (0) 69 970 86 280<br \/>\nFax +49 (0) 69 970 86 281<br \/>\n<a href=\"mailto:mail@veiga-law.com\">mail@veiga-law.com<\/a><br \/>\n<a href=\"https:\/\/veiga-law.com\/2017\/port\/\">www.veiga-law.com<\/a><\/p>\n<\/div><\/div><\/div><div class=\"fusion-clearfix\"><\/div><\/div><div class=\"fusion-clearfix\"><\/div><\/div><\/div><\/div><div class=\"fusion-builder-row fusion-row\"><\/div><\/div><div class=\"fusion-fullwidth fullwidth-box fusion-builder-row-2 has-pattern-background has-mask-background nonhundred-percent-fullwidth non-hundred-percent-height-scrolling startseite-rechtsgebiete\" style=\"--awb-border-sizes-bottom:1px;--awb-border-color:var(--awb-color6);--awb-border-radius-top-left:0px;--awb-border-radius-top-right:0px;--awb-border-radius-bottom-right:0px;--awb-border-radius-bottom-left:0px;--awb-margin-top:40px;--awb-margin-bottom:40px;--awb-flex-wrap:wrap;\" ><div class=\"fusion-builder-row fusion-row\"><div class=\"fusion-layout-column fusion_builder_column fusion-builder-column-1 fusion_builder_column_1_1 1_1 fusion-one-full fusion-column-first fusion-column-last\" style=\"--awb-bg-size:cover;\"><div class=\"fusion-column-wrapper fusion-flex-column-wrapper-legacy\"><div class=\"fusion-title title fusion-title-1 sep-underline sep-solid fusion-title-text fusion-title-size-two\" style=\"--awb-margin-top-small:0px;--awb-margin-right-small:0px;--awb-margin-bottom-small:20px;--awb-margin-left-small:0px;\"><h2 class=\"fusion-title-heading title-heading-left\" style=\"margin:0;\">CONTATO<\/h2><\/div><div class=\"fusion-clearfix\"><\/div><\/div><\/div><div class=\"fusion-layout-column fusion_builder_column fusion-builder-column-2 fusion_builder_column_1_1 1_1 fusion-one-full fusion-column-first fusion-column-last\" style=\"--awb-bg-size:cover;\"><div class=\"fusion-column-wrapper fusion-flex-column-wrapper-legacy\"><div class=\"fusion-text fusion-text-1\"><h1>VEIGA Rechtsanwaltskanzlei<\/h1>\n<p>Wildunger Strasse 1a<br \/>\nD-60487 Frankfurt am Main<\/p>\n<p>Telefone 069 &#8211; 97 08 62 80<br \/>\nFax 069 &#8211; 97 08 62 81<\/p>\n<p>Email\u00a0 <a href=\"mailto:mail@veiga-law.com\">mail@veiga-law.com<\/a><br \/>\nInternet <a href=\"http:\/\/www.veiga-law.com\">www.veiga-law.com<\/a><\/p>\n<h1>Horas de expediente<\/h1>\n<p>De Segunda a Quinta: 09:00-12:00 e 14:00-18:00 horas<br \/>\nSexta-feira: 09:00-12:00 e 14:00-16:00 horas<\/p>\n<p>Reuni\u00f5es e consultas s\u00f3 ap\u00f3s marca\u00e7\u00e3o telef\u00f3nica pr\u00e9via.<\/p>\n<\/div><div class=\"fusion-clearfix\"><\/div><\/div><\/div><div class=\"fusion-layout-column fusion_builder_column fusion-builder-column-3 fusion_builder_column_1_1 1_1 fusion-one-full fusion-column-first fusion-column-last\" style=\"--awb-bg-size:cover;\"><div class=\"fusion-column-wrapper fusion-flex-column-wrapper-legacy\"><div class=\"fusion-clearfix\"><\/div><\/div><\/div><\/div><\/div><div class=\"fusion-fullwidth fullwidth-box fusion-builder-row-3 nonhundred-percent-fullwidth non-hundred-percent-height-scrolling startseite-rechtsgebiete\" style=\"--awb-border-radius-top-left:0px;--awb-border-radius-top-right:0px;--awb-border-radius-bottom-right:0px;--awb-border-radius-bottom-left:0px;--awb-flex-wrap:wrap;\" ><div class=\"fusion-builder-row fusion-row\"><\/div><\/div><\/p>\n","protected":false},"excerpt":{"rendered":"","protected":false},"author":1,"featured_media":0,"parent":0,"menu_order":0,"comment_status":"closed","ping_status":"closed","template":"100-width.php","meta":{"footnotes":""},"class_list":["post-54","page","type-page","status-publish","hentry"],"yoast_head":"<!-- This site is optimized with the Yoast SEO plugin v27.4 - https:\/\/yoast.com\/product\/yoast-seo-wordpress\/ -->\n<title>Contato - VEIGA Rechtsanwaltskanzlei - RA Maria de F\u00e1tima Veiga - Frankfurt<\/title>\n<meta name=\"robots\" content=\"index, follow, max-snippet:-1, max-image-preview:large, max-video-preview:-1\" \/>\n<link rel=\"canonical\" href=\"https:\/\/veiga-law.com\/2017\/port\/contato\/\" \/>\n<meta property=\"og:locale\" content=\"pt_PT\" \/>\n<meta property=\"og:type\" content=\"article\" \/>\n<meta property=\"og:title\" content=\"Contato - VEIGA Rechtsanwaltskanzlei - RA Maria de F\u00e1tima Veiga - Frankfurt\" \/>\n<meta property=\"og:url\" content=\"https:\/\/veiga-law.com\/2017\/port\/contato\/\" \/>\n<meta property=\"og:site_name\" content=\"VEIGA Rechtsanwaltskanzlei - RA Maria de F\u00e1tima Veiga - Frankfurt\" \/>\n<meta property=\"article:modified_time\" content=\"2024-11-18T14:52:37+00:00\" \/>\n<meta name=\"twitter:card\" content=\"summary_large_image\" \/>\n<meta name=\"twitter:label1\" content=\"Tempo estimado de leitura\" \/>\n\t<meta name=\"twitter:data1\" content=\"4 minutos\" \/>\n<script type=\"application\/ld+json\" class=\"yoast-schema-graph\">{\"@context\":\"https:\\\/\\\/schema.org\",\"@graph\":[{\"@type\":\"WebPage\",\"@id\":\"https:\\\/\\\/veiga-law.com\\\/2017\\\/port\\\/contato\\\/\",\"url\":\"https:\\\/\\\/veiga-law.com\\\/2017\\\/port\\\/contato\\\/\",\"name\":\"Contato - VEIGA Rechtsanwaltskanzlei - RA Maria de F\u00e1tima Veiga - Frankfurt\",\"isPartOf\":{\"@id\":\"https:\\\/\\\/veiga-law.com\\\/2017\\\/port\\\/#website\"},\"datePublished\":\"2018-06-20T10:48:01+00:00\",\"dateModified\":\"2024-11-18T14:52:37+00:00\",\"breadcrumb\":{\"@id\":\"https:\\\/\\\/veiga-law.com\\\/2017\\\/port\\\/contato\\\/#breadcrumb\"},\"inLanguage\":\"pt-PT\",\"potentialAction\":[{\"@type\":\"ReadAction\",\"target\":[\"https:\\\/\\\/veiga-law.com\\\/2017\\\/port\\\/contato\\\/\"]}]},{\"@type\":\"BreadcrumbList\",\"@id\":\"https:\\\/\\\/veiga-law.com\\\/2017\\\/port\\\/contato\\\/#breadcrumb\",\"itemListElement\":[{\"@type\":\"ListItem\",\"position\":1,\"name\":\"Startseite\",\"item\":\"https:\\\/\\\/veiga-law.com\\\/2017\\\/port\\\/\"},{\"@type\":\"ListItem\",\"position\":2,\"name\":\"Contato\"}]},{\"@type\":\"WebSite\",\"@id\":\"https:\\\/\\\/veiga-law.com\\\/2017\\\/port\\\/#website\",\"url\":\"https:\\\/\\\/veiga-law.com\\\/2017\\\/port\\\/\",\"name\":\"VEIGA Rechtsanwaltskanzlei - RA Maria de F\u00e1tima Veiga - Frankfurt\",\"description\":\"Eine weitere VEIGA Rechtsanwaltskanzlei - RA Maria Veiga Websites Website\",\"potentialAction\":[{\"@type\":\"SearchAction\",\"target\":{\"@type\":\"EntryPoint\",\"urlTemplate\":\"https:\\\/\\\/veiga-law.com\\\/2017\\\/port\\\/?s={search_term_string}\"},\"query-input\":{\"@type\":\"PropertyValueSpecification\",\"valueRequired\":true,\"valueName\":\"search_term_string\"}}],\"inLanguage\":\"pt-PT\"}]}<\/script>\n<!-- \/ Yoast SEO plugin. -->","yoast_head_json":{"title":"Contato - VEIGA Rechtsanwaltskanzlei - RA Maria de F\u00e1tima Veiga - Frankfurt","robots":{"index":"index","follow":"follow","max-snippet":"max-snippet:-1","max-image-preview":"max-image-preview:large","max-video-preview":"max-video-preview:-1"},"canonical":"https:\/\/veiga-law.com\/2017\/port\/contato\/","og_locale":"pt_PT","og_type":"article","og_title":"Contato - VEIGA Rechtsanwaltskanzlei - RA Maria de F\u00e1tima Veiga - Frankfurt","og_url":"https:\/\/veiga-law.com\/2017\/port\/contato\/","og_site_name":"VEIGA Rechtsanwaltskanzlei - RA Maria de F\u00e1tima Veiga - Frankfurt","article_modified_time":"2024-11-18T14:52:37+00:00","twitter_card":"summary_large_image","twitter_misc":{"Tempo estimado de leitura":"4 minutos"},"schema":{"@context":"https:\/\/schema.org","@graph":[{"@type":"WebPage","@id":"https:\/\/veiga-law.com\/2017\/port\/contato\/","url":"https:\/\/veiga-law.com\/2017\/port\/contato\/","name":"Contato - VEIGA Rechtsanwaltskanzlei - RA Maria de F\u00e1tima Veiga - Frankfurt","isPartOf":{"@id":"https:\/\/veiga-law.com\/2017\/port\/#website"},"datePublished":"2018-06-20T10:48:01+00:00","dateModified":"2024-11-18T14:52:37+00:00","breadcrumb":{"@id":"https:\/\/veiga-law.com\/2017\/port\/contato\/#breadcrumb"},"inLanguage":"pt-PT","potentialAction":[{"@type":"ReadAction","target":["https:\/\/veiga-law.com\/2017\/port\/contato\/"]}]},{"@type":"BreadcrumbList","@id":"https:\/\/veiga-law.com\/2017\/port\/contato\/#breadcrumb","itemListElement":[{"@type":"ListItem","position":1,"name":"Startseite","item":"https:\/\/veiga-law.com\/2017\/port\/"},{"@type":"ListItem","position":2,"name":"Contato"}]},{"@type":"WebSite","@id":"https:\/\/veiga-law.com\/2017\/port\/#website","url":"https:\/\/veiga-law.com\/2017\/port\/","name":"VEIGA Rechtsanwaltskanzlei - RA Maria de F\u00e1tima Veiga - Frankfurt","description":"Eine weitere VEIGA Rechtsanwaltskanzlei - RA Maria Veiga Websites Website","potentialAction":[{"@type":"SearchAction","target":{"@type":"EntryPoint","urlTemplate":"https:\/\/veiga-law.com\/2017\/port\/?s={search_term_string}"},"query-input":{"@type":"PropertyValueSpecification","valueRequired":true,"valueName":"search_term_string"}}],"inLanguage":"pt-PT"}]}},"_links":{"self":[{"href":"https:\/\/veiga-law.com\/2017\/port\/wp-json\/wp\/v2\/pages\/54","targetHints":{"allow":["GET"]}}],"collection":[{"href":"https:\/\/veiga-law.com\/2017\/port\/wp-json\/wp\/v2\/pages"}],"about":[{"href":"https:\/\/veiga-law.com\/2017\/port\/wp-json\/wp\/v2\/types\/page"}],"author":[{"embeddable":true,"href":"https:\/\/veiga-law.com\/2017\/port\/wp-json\/wp\/v2\/users\/1"}],"replies":[{"embeddable":true,"href":"https:\/\/veiga-law.com\/2017\/port\/wp-json\/wp\/v2\/comments?post=54"}],"version-history":[{"count":10,"href":"https:\/\/veiga-law.com\/2017\/port\/wp-json\/wp\/v2\/pages\/54\/revisions"}],"predecessor-version":[{"id":198,"href":"https:\/\/veiga-law.com\/2017\/port\/wp-json\/wp\/v2\/pages\/54\/revisions\/198"}],"wp:attachment":[{"href":"https:\/\/veiga-law.com\/2017\/port\/wp-json\/wp\/v2\/media?parent=54"}],"curies":[{"name":"wp","href":"https:\/\/api.w.org\/{rel}","templated":true}]}}