{"id":65,"date":"2018-06-20T12:51:41","date_gmt":"2018-06-20T10:51:41","guid":{"rendered":"https:\/\/veiga-law.com\/2017\/port\/?page_id=65"},"modified":"2024-11-18T15:53:53","modified_gmt":"2024-11-18T14:53:53","slug":"publicacoes","status":"publish","type":"page","link":"https:\/\/veiga-law.com\/2017\/port\/publicacoes\/","title":{"rendered":"Publica\u00e7\u00f5es"},"content":{"rendered":"<p><div class=\"fusion-fullwidth fullwidth-box fusion-builder-row-1 nonhundred-percent-fullwidth non-hundred-percent-height-scrolling\" style=\"--awb-border-radius-top-left:0px;--awb-border-radius-top-right:0px;--awb-border-radius-bottom-right:0px;--awb-border-radius-bottom-left:0px;--awb-margin-top:-70px;--awb-margin-bottom:0px;--awb-background-color:#4e88aa;--awb-flex-wrap:wrap;\" ><div class=\"fusion-builder-row fusion-row\"><div class=\"fusion-layout-column fusion_builder_column fusion-builder-column-0 fusion_builder_column_1_1 1_1 fusion-one-full fusion-column-first fusion-column-last\" style=\"--awb-padding-top:40px;--awb-bg-color:#4e88aa;--awb-bg-color-hover:#4e88aa;--awb-bg-size:cover;--awb-margin-bottom:0px;\"><div class=\"fusion-column-wrapper fusion-flex-column-wrapper-legacy\"><div class=\"fusion-content-boxes content-boxes columns row fusion-columns-4 fusion-columns-total-4 fusion-content-boxes-1 content-boxes-icon-with-title content-left information\" style=\"--awb-backgroundcolor:rgba(160,160,160,0);--awb-body-color:#ffffff;--awb-title-color:#ffffff;--awb-margin-top:0px;--awb-margin-bottom:0px;--awb-hover-accent-color:#a0ce4e;--awb-circle-hover-accent-color:#a0ce4e;\" data-animationOffset=\"top-into-view\"><div style=\"--awb-backgroundcolor:rgba(160,160,160,0);\" class=\"fusion-column content-box-column content-box-column content-box-column-1 col-lg-3 col-md-3 col-sm-3 fusion-content-box-hover content-box-column-first-in-row\"><div class=\"col content-box-wrapper content-wrapper link-area-link-icon icon-hover-animation-fade\" data-animationOffset=\"top-into-view\"><div class=\"fusion-clearfix\"><\/div><div class=\"content-container\">\n<p><strong>Maria Veiga<\/strong><br \/>\nAdvogada de Direito alem\u00e3o<br \/>\nAdvogada Especializada em Direito do Trabalho<\/p>\n<\/div><\/div><\/div><div style=\"--awb-backgroundcolor:rgba(160,160,160,0);\" class=\"fusion-column content-box-column content-box-column content-box-column-2 col-lg-3 col-md-3 col-sm-3 fusion-content-box-hover \"><div class=\"col content-box-wrapper content-wrapper link-area-link-icon icon-hover-animation-fade\" data-animationOffset=\"top-into-view\"><div class=\"fusion-clearfix\"><\/div><div class=\"content-container\">\n<p><strong>Outras \u00c1reas de Atividade<\/strong><br \/>\nDireito Comercial e das Sociedades<br \/>\nDireito Europeu e Internacional Privado<br \/>\nDireito de Fam\u00edlia e das Sucess\u00f5es<\/p>\n<\/div><\/div><\/div><div style=\"--awb-backgroundcolor:rgba(160,160,160,0);\" class=\"fusion-column content-box-column content-box-column content-box-column-3 col-lg-3 col-md-3 col-sm-3 fusion-content-box-hover \"><div class=\"col content-box-wrapper content-wrapper link-area-link-icon icon-hover-animation-fade\" data-animationOffset=\"top-into-view\"><div class=\"fusion-clearfix\"><\/div><div class=\"content-container\">\n<p>Wildunger Str. 1a<br \/>\nD-60487 Frankfurt am Main<\/p>\n<\/div><\/div><\/div><div style=\"--awb-backgroundcolor:rgba(150,150,150,0);\" class=\"fusion-column content-box-column content-box-column content-box-column-4 col-lg-3 col-md-3 col-sm-3 fusion-content-box-hover content-box-column-last content-box-column-last-in-row\"><div class=\"col content-box-wrapper content-wrapper link-area-link-icon icon-hover-animation-fade\" data-animationOffset=\"top-into-view\"><div class=\"fusion-clearfix\"><\/div><div class=\"content-container\">\n<p>Telefone +49 (0) 69 970 86 280<br \/>\nFax +49 (0) 69 970 86 281<br \/>\n<a href=\"mailto:mail@veiga-law.com\">mail@veiga-law.com<\/a><br \/>\n<a href=\"https:\/\/veiga-law.com\/2017\/port\/\">www.veiga-law.com<\/a><\/p>\n<\/div><\/div><\/div><div class=\"fusion-clearfix\"><\/div><\/div><div class=\"fusion-clearfix\"><\/div><\/div><\/div><\/div><div class=\"fusion-builder-row fusion-row\"><\/div><\/div><div class=\"fusion-fullwidth fullwidth-box fusion-builder-row-2 nonhundred-percent-fullwidth non-hundred-percent-height-scrolling startseite-rechtsgebiete\" style=\"--awb-border-radius-top-left:0px;--awb-border-radius-top-right:0px;--awb-border-radius-bottom-right:0px;--awb-border-radius-bottom-left:0px;--awb-margin-top:40px;--awb-margin-bottom:40px;--awb-flex-wrap:wrap;\" ><div class=\"fusion-builder-row fusion-row\"><div class=\"fusion-layout-column fusion_builder_column fusion-builder-column-1 fusion_builder_column_1_1 1_1 fusion-one-full fusion-column-first fusion-column-last\" style=\"--awb-bg-size:cover;--awb-margin-bottom:40px;\"><div class=\"fusion-column-wrapper fusion-flex-column-wrapper-legacy\"><div class=\"fusion-title title fusion-title-1 sep-underline sep-solid fusion-title-text fusion-title-size-two\" style=\"--awb-margin-top-small:0px;--awb-margin-right-small:0px;--awb-margin-bottom-small:20px;--awb-margin-left-small:0px;\"><h2 class=\"fusion-title-heading title-heading-left\" style=\"margin:0;\">PUBLICA\u00c7\u00d5ES E PALESTRAS<\/h2><\/div><div class=\"fusion-text fusion-text-1\" style=\"--awb-text-transform:none;\"><p><strong>Dicion\u00e1rio Jur\u00eddico<\/strong><\/p>\n<ul>\n<li>Elabora\u00e7\u00e3o da 2\u00aa edi\u00e7\u00e3o do Dicion\u00e1rio Jur\u00eddico e Econ\u00f3mico Jayme\/Neuss, iniciado pelo Professor em\u00e9rito, em. Prof. Dr. Dr. h.c. mult. Erik Jayme e pelo Dr. jur. Jobst-Joachim Neuss, tomo 2, alem\u00e3o-portugu\u00eas, em coautoria com o advogado Dr. Thomas Richter,<br \/>\neditora C.H. Beck, Munique 2013<\/li>\n<\/ul>\n<p><strong>2020-2021<\/strong><\/p>\n<ul>\n<li>Artigos na newsletter &#8220;Jur\u00eddico &amp; Fiscal&#8221; da C\u00e2mara de Com\u00e9rcio e Ind\u00fastria Luso-Alem\u00e3 sobre v\u00e1rios temas do Direito alem\u00e3o do Trabalho e das Sociedades.<\/li>\n<\/ul>\n<p><strong>Outras Publica\u00e7\u00f5es e Palestras<\/strong><\/p>\n<p><strong>2018<\/strong><\/p>\n<ul>\n<li>As Diretivas Antecipadas de Vontade no Direito Portugu\u00eas&#8221;, palestra no Workshop &#8220;As Diretivas Antecipadas de Vontade em Portugal e no Brasil&#8221;, da associa\u00e7\u00e3o de tradutores Atikom<\/li>\n<\/ul>\n<p><strong>2017<\/strong><\/p>\n<ul>\n<li>&#8220;Direito Alimentar&#8221; no Brasil (&#8220;Lebensmittelrecht in Brasilien&#8221;), aula como palestrante convidada na Escola Superior de Ci\u00eancias Aplicadas de Hamburgo, Faculdade de &#8220;Life Sciences&#8221; (Hochschule f\u00fcr Angewandte Wissenschaften Hamburg, Fakult\u00e4t Life Sciences)<\/li>\n<\/ul>\n<p><strong>2016<\/strong><\/p>\n<ul>\n<li>&#8220;O Direito das Sucess\u00f5es em Portugal&#8221;, palestra no Workshop &#8220;Direito das Sucess\u00f5es em Portugal e no Brasil&#8221;, da asssocia\u00e7\u00e3o de tradutores Atikom<\/li>\n<\/ul>\n<p><strong>2015<\/strong><\/p>\n<ul>\n<li>&#8220;Recursos no Direito Civil e Penal em Portugal e na Alemanha&#8221; palestra no Workshop da associa\u00e7\u00e3o de tradutores Atikom<\/li>\n<\/ul>\n<p><strong>2014<\/strong><\/p>\n<ul>\n<li>&#8220;C\u00f3digo do Trabalho \u2013 Breve Introdu\u00e7\u00e3o ao Direito do Trabalho em Portugal&#8221;, palestra no \u00e2mbito de um Workshop da associa\u00e7\u00e3o profissional &#8220;Aticom&#8221;<\/li>\n<\/ul>\n<p><strong>2013<\/strong><\/p>\n<ul>\n<li>&#8220;O mercado de trabalho portugu\u00eas e a Troica \u2013 at\u00e9 que ponto as reformas estruturais s\u00e3o efetivas?&#8221;, palestra no LionsClub de Darmstadt<\/li>\n<li>&#8220;Brasileiros no mercado alem\u00e3o&#8221;, artigo publicado na brochura bilingue &#8220;O Brasil em Frankfurt e na regi\u00e3o Reno-Meno&#8221;<\/li>\n<\/ul>\n<p><strong>2009-2013<\/strong><\/p>\n<ul>\n<li>Palestras sobre temas do Direito portugu\u00eas e terminologia \u2013 Direito Societ\u00e1rio, Econ\u00f3mico, Imobili\u00e1rio e o novo Direito de Fam\u00edlia, entre outros \u2013 no \u00e2mbito de &#8220;Workshops&#8221; da associa\u00e7\u00e3o profissional &#8220;Aticom&#8221; para tradutores e int\u00e9rpretes da l\u00edngua portuguesa<\/li>\n<\/ul>\n<p><strong>2008<\/strong><\/p>\n<ul>\n<li>&#8220;Gerenciamento de qualidade ao servi\u00e7o do cliente \u2013 Mudan\u00e7a de paradigma numa empresa m\u00e9dia &#8211; Concorr\u00eancia no mercado e garantias de qualidade. O desenvolvimento atual na profiss\u00e3o de Advogado&#8221;, publica\u00e7\u00e3o no volume 61 dos relat\u00f3rios de confer\u00eancias do Estado Federado da Tur\u00edngia<\/li>\n<\/ul>\n<p><strong>2007<\/strong><\/p>\n<ul>\n<li>&#8220;Direito Alimentar Europeu para Brasileiros&#8221;, publica\u00e7\u00e3o na revista da Associa\u00e7\u00e3o de Juristas Brasil-Alemanha (DBJV), N\u00b0 36<\/li>\n<li>&#8220;Neg\u00f3cios na Alemanha, Dicas pr\u00e1ticas para empresas brasileiras&#8221;, palestra na Apex Brasil GmbH, Centro de Distribui\u00e7\u00e3o de Produtos Brasileiros em Frankfurt<\/li>\n<li>&#8220;Condi\u00e7\u00f5es b\u00e1sicas para a constitui\u00e7\u00e3o de LDA&#8217;s devem ser melhoradas&#8221;, publica\u00e7\u00e3o na revista &#8220;Impakt&#8221;, da C\u00e2mara de Com\u00e9rcio e Ind\u00fastria Luso-Alem\u00e3 em Lisboa, edi\u00e7\u00e3o 01\/02 2007, p\u00e1g. 37 e segs. (em coautoria).<\/li>\n<li>&#8220;Concorr\u00eancia no mercado e garantias de qualidade; desenvolvimento na profiss\u00e3o de Advogado&#8221;, palestra na Confer\u00eancia Internacional de Empres\u00e1rias no Centro de Informa\u00e7\u00e3o Europeia da Chancelaria do Estado Federado da Tur\u00edngia<\/li>\n<\/ul>\n<p><strong>2006<\/strong><\/p>\n<ul>\n<li>&#8220;Investir na Alemanha&#8221;, brochura sobre as condi\u00e7\u00f5es jur\u00eddicas de investimento na Alemanha, na nova s\u00e9rie de brochuras em l\u00edngua portuguesa &#8220;Assim se faz&#8221;, 1\u00aa edi\u00e7\u00e3o, em colabora\u00e7\u00e3o com a C\u00e2mara Brasil-Alemanha de S\u00e3o Paulo em Frankfurt (em coautoria)<\/li>\n<\/ul>\n<p><strong>2005<\/strong><\/p>\n<ul>\n<li>&#8220;A obriga\u00e7\u00e3o dos subempreiteiros de pagamento do sal\u00e1rio m\u00ednimo, de acordo com a lei alem\u00e3 de destacamento \u2013 Responsabilidade do empreiteiro geral como fiador&#8221;, publica\u00e7\u00e3o na revista de especialidade do Direito do Trabalho, NZA 2005, p\u00e1g. 208 e seg., ap\u00f3s uma decis\u00e3o do Tribunal Europeu (C-60\/03 de 12.10.04)<\/li>\n<li>&#8220;Responsabilidade do empreiteiro geral de constru\u00e7\u00e3o, como fiador do sal\u00e1rio m\u00ednimo, devido pelo subempreiteiro aos seus trabalhadores destacados para a Alemanha (AEntG)&#8221;, publica\u00e7\u00e3o na revista &#8220;Impakt&#8221;, da C\u00e2mara de Com\u00e9rcio e Ind\u00fastria Luso-Alem\u00e3, edi\u00e7\u00e3o 03\/04 2005, p\u00e1g. 12 e seguinte<\/li>\n<li>Palestra para expositores brasileiros da feira alem\u00e3 de produtos biol\u00f3gicos &#8220;Biofach&#8221;, na cidade de Nuremberga, sobre o Direito Alimentar Alem\u00e3o e Europeu, em colabora\u00e7\u00e3o com a C\u00e2mara Brasil-Alemanha de S\u00e3o Paulo.<\/li>\n<\/ul>\n<p><strong>2004<\/strong><\/p>\n<ul>\n<li>&#8220;O im\u00f3vel em Portugal&#8221;, publica\u00e7\u00e3o na revista alem\u00e3 &#8220;Privates Eigentum&#8221;, edi\u00e7\u00e3o 2\/2004 (em coautoria).<\/li>\n<\/ul>\n<p><strong>1999<\/strong><\/p>\n<ul>\n<li>&#8220;As Condi\u00e7\u00f5es Negociais Gerais Alem\u00e3s (AGB&#8217;s) nas Rela\u00e7\u00f5es Comerciais Luso-Alem\u00e3s&#8221;,<br \/>\npalestras no \u00e2mbito de semin\u00e1rios da C\u00e2mara de Com\u00e9rcio e Ind\u00fastria Luso-Alem\u00e3, em Lisboa e no Porto<\/li>\n<li>&#8220;Destacamento de trabalhadores na RFA. A defesa dos direitos dos trabalhadores no sector da constru\u00e7\u00e3o civil&#8221;, palestra no \u00e2mbito do semin\u00e1rio da Embaixada Portuguesa em Bona &#8211; &#8220;Forma\u00e7\u00e3o Complementar para os funcion\u00e1rios da estrutura de apoio \u00e0 comunidade portuguesa na RFA<\/li>\n<li>&#8220;Princ\u00edpios Gerais do Direito de Fam\u00edlia Portugu\u00eas&#8221;, palestra no \u00e2mbito da Assembleia-Geral da Associa\u00e7\u00e3o Europeia de Advogados EuroLawyers EWIV em Frankfurt<\/li>\n<\/ul>\n<p><strong>1998<\/strong><\/p>\n<ul>\n<li>&#8220;Esp\u00edrito empresarial n\u00e3o conhece fronteiras: encontro de empres\u00e1rios alem\u00e3es e estrangeiros&#8221;, interven\u00e7\u00e3o no evento da Federa\u00e7\u00e3o dos Empres\u00e1rios Portugueses na Alemanha (VPU), em coopera\u00e7\u00e3o com o Centro de Apoio a Empresas, Bona.<\/li>\n<\/ul>\n<p><strong>1997<\/strong><\/p>\n<ul>\n<li>&#8220;Perspectivas de Desenvolvimento da Coopera\u00e7\u00e3o Empresarial Luso-Alem\u00e3 na \u00d3ptica da Internacionaliza\u00e7\u00e3o&#8221;, palestra em Bona, acerca das condi\u00e7\u00f5es jur\u00eddicas para empres\u00e1rios portugueses na Alemanha, por ocasi\u00e3o das &#8220;Jornadas Portuguesas 1997&#8221; (em palestra comum).<\/li>\n<\/ul>\n<p><strong>1996<\/strong><\/p>\n<ul>\n<li>Evento informativo na Universidade de Col\u00f3nia para jovens portugueses na Alemanha sobre as condi\u00e7\u00f5es b\u00e1sicas legais a considerar no estabelecimento por conta pr\u00f3pria na Alemanha<\/li>\n<\/ul>\n<p><strong>1994<\/strong><\/p>\n<ul>\n<li>Est\u00e1gio no \u00e2mbito do curso de Direito (&#8220;Wahlstation&#8221;) no Departamento Jur\u00eddico da C\u00e2mara de Com\u00e9rcio e Ind\u00fastria Luso-Alem\u00e3; actualiza\u00e7\u00e3o das publica\u00e7\u00f5es referentes ao Direito Imobili\u00e1rio e de Trabalho<\/li>\n<\/ul>\n<\/div><div class=\"fusion-clearfix\"><\/div><\/div><\/div><\/div><\/div><div class=\"fusion-fullwidth fullwidth-box fusion-builder-row-3 nonhundred-percent-fullwidth non-hundred-percent-height-scrolling\" style=\"--awb-border-radius-top-left:0px;--awb-border-radius-top-right:0px;--awb-border-radius-bottom-right:0px;--awb-border-radius-bottom-left:0px;--awb-margin-top:-60px;--awb-margin-bottom:0px;--awb-background-color:#4e88aa;--awb-flex-wrap:wrap;\" ><div class=\"fusion-builder-row fusion-row\"><div class=\"fusion-layout-column fusion_builder_column fusion-builder-column-2 fusion_builder_column_1_1 1_1 fusion-one-full fusion-column-first fusion-column-last\" style=\"--awb-padding-top:40px;--awb-bg-color:#4e88aa;--awb-bg-color-hover:#4e88aa;--awb-bg-size:cover;--awb-margin-bottom:0px;\"><div class=\"fusion-column-wrapper fusion-flex-column-wrapper-legacy\"><div class=\"fusion-reading-box-container reading-box-container-1\" style=\"--awb-title-color:#4d88aa;--awb-margin-top:-40px;--awb-margin-bottom:0px;\"><div class=\"reading-box reading-box-center\" style=\"background-color:#4e88aa;border-width:0px;border-color:#f6f6f6;border-style:solid;\"><a class=\"button fusion-button button-default fusion-button-default-size button-default-size button-flat fusion-mobile-button continue-center\" style=\"-webkit-box-shadow:none;-moz-box-shadow:none;box-shadow:none;border-radius:2px 2px 2px 2px\" href=\"https:\/\/veiga-law.com\/2017\/port\/contato\/\" target=\"_self\"><span>Contato<\/span><\/a><\/div><\/div><div class=\"fusion-clearfix\"><\/div><\/div><\/div><\/div><\/div><\/p>\n","protected":false},"excerpt":{"rendered":"","protected":false},"author":1,"featured_media":0,"parent":0,"menu_order":0,"comment_status":"closed","ping_status":"closed","template":"100-width.php","meta":{"footnotes":""},"class_list":["post-65","page","type-page","status-publish","hentry"],"yoast_head":"<!-- This site is optimized with the Yoast SEO plugin v27.2 - https:\/\/yoast.com\/product\/yoast-seo-wordpress\/ -->\n<title>Publica\u00e7\u00f5es - VEIGA Rechtsanwaltskanzlei - RA Maria de F\u00e1tima Veiga - Frankfurt<\/title>\n<meta name=\"robots\" content=\"index, follow, max-snippet:-1, max-image-preview:large, max-video-preview:-1\" \/>\n<link rel=\"canonical\" href=\"https:\/\/veiga-law.com\/2017\/port\/publicacoes\/\" \/>\n<meta property=\"og:locale\" content=\"pt_PT\" \/>\n<meta property=\"og:type\" content=\"article\" \/>\n<meta property=\"og:title\" content=\"Publica\u00e7\u00f5es - VEIGA Rechtsanwaltskanzlei - RA Maria de F\u00e1tima Veiga - Frankfurt\" \/>\n<meta property=\"og:url\" content=\"https:\/\/veiga-law.com\/2017\/port\/publicacoes\/\" \/>\n<meta property=\"og:site_name\" content=\"VEIGA Rechtsanwaltskanzlei - RA Maria de F\u00e1tima Veiga - Frankfurt\" \/>\n<meta property=\"article:modified_time\" content=\"2024-11-18T14:53:53+00:00\" \/>\n<meta name=\"twitter:card\" content=\"summary_large_image\" \/>\n<meta name=\"twitter:label1\" content=\"Tempo estimado de leitura\" \/>\n\t<meta name=\"twitter:data1\" content=\"7 minutos\" \/>\n<script type=\"application\/ld+json\" class=\"yoast-schema-graph\">{\"@context\":\"https:\/\/schema.org\",\"@graph\":[{\"@type\":\"WebPage\",\"@id\":\"https:\/\/veiga-law.com\/2017\/port\/publicacoes\/\",\"url\":\"https:\/\/veiga-law.com\/2017\/port\/publicacoes\/\",\"name\":\"Publica\u00e7\u00f5es - VEIGA Rechtsanwaltskanzlei - RA Maria de F\u00e1tima Veiga - Frankfurt\",\"isPartOf\":{\"@id\":\"https:\/\/veiga-law.com\/2017\/port\/#website\"},\"datePublished\":\"2018-06-20T10:51:41+00:00\",\"dateModified\":\"2024-11-18T14:53:53+00:00\",\"breadcrumb\":{\"@id\":\"https:\/\/veiga-law.com\/2017\/port\/publicacoes\/#breadcrumb\"},\"inLanguage\":\"pt-PT\",\"potentialAction\":[{\"@type\":\"ReadAction\",\"target\":[\"https:\/\/veiga-law.com\/2017\/port\/publicacoes\/\"]}]},{\"@type\":\"BreadcrumbList\",\"@id\":\"https:\/\/veiga-law.com\/2017\/port\/publicacoes\/#breadcrumb\",\"itemListElement\":[{\"@type\":\"ListItem\",\"position\":1,\"name\":\"Startseite\",\"item\":\"https:\/\/veiga-law.com\/2017\/port\/\"},{\"@type\":\"ListItem\",\"position\":2,\"name\":\"Publica\u00e7\u00f5es\"}]},{\"@type\":\"WebSite\",\"@id\":\"https:\/\/veiga-law.com\/2017\/port\/#website\",\"url\":\"https:\/\/veiga-law.com\/2017\/port\/\",\"name\":\"VEIGA Rechtsanwaltskanzlei - RA Maria de F\u00e1tima Veiga - Frankfurt\",\"description\":\"Eine weitere VEIGA Rechtsanwaltskanzlei - RA Maria Veiga Websites Website\",\"potentialAction\":[{\"@type\":\"SearchAction\",\"target\":{\"@type\":\"EntryPoint\",\"urlTemplate\":\"https:\/\/veiga-law.com\/2017\/port\/?s={search_term_string}\"},\"query-input\":{\"@type\":\"PropertyValueSpecification\",\"valueRequired\":true,\"valueName\":\"search_term_string\"}}],\"inLanguage\":\"pt-PT\"}]}<\/script>\n<!-- \/ Yoast SEO plugin. -->","yoast_head_json":{"title":"Publica\u00e7\u00f5es - VEIGA Rechtsanwaltskanzlei - RA Maria de F\u00e1tima Veiga - Frankfurt","robots":{"index":"index","follow":"follow","max-snippet":"max-snippet:-1","max-image-preview":"max-image-preview:large","max-video-preview":"max-video-preview:-1"},"canonical":"https:\/\/veiga-law.com\/2017\/port\/publicacoes\/","og_locale":"pt_PT","og_type":"article","og_title":"Publica\u00e7\u00f5es - VEIGA Rechtsanwaltskanzlei - RA Maria de F\u00e1tima Veiga - Frankfurt","og_url":"https:\/\/veiga-law.com\/2017\/port\/publicacoes\/","og_site_name":"VEIGA Rechtsanwaltskanzlei - RA Maria de F\u00e1tima Veiga - Frankfurt","article_modified_time":"2024-11-18T14:53:53+00:00","twitter_card":"summary_large_image","twitter_misc":{"Tempo estimado de leitura":"7 minutos"},"schema":{"@context":"https:\/\/schema.org","@graph":[{"@type":"WebPage","@id":"https:\/\/veiga-law.com\/2017\/port\/publicacoes\/","url":"https:\/\/veiga-law.com\/2017\/port\/publicacoes\/","name":"Publica\u00e7\u00f5es - VEIGA Rechtsanwaltskanzlei - RA Maria de F\u00e1tima Veiga - Frankfurt","isPartOf":{"@id":"https:\/\/veiga-law.com\/2017\/port\/#website"},"datePublished":"2018-06-20T10:51:41+00:00","dateModified":"2024-11-18T14:53:53+00:00","breadcrumb":{"@id":"https:\/\/veiga-law.com\/2017\/port\/publicacoes\/#breadcrumb"},"inLanguage":"pt-PT","potentialAction":[{"@type":"ReadAction","target":["https:\/\/veiga-law.com\/2017\/port\/publicacoes\/"]}]},{"@type":"BreadcrumbList","@id":"https:\/\/veiga-law.com\/2017\/port\/publicacoes\/#breadcrumb","itemListElement":[{"@type":"ListItem","position":1,"name":"Startseite","item":"https:\/\/veiga-law.com\/2017\/port\/"},{"@type":"ListItem","position":2,"name":"Publica\u00e7\u00f5es"}]},{"@type":"WebSite","@id":"https:\/\/veiga-law.com\/2017\/port\/#website","url":"https:\/\/veiga-law.com\/2017\/port\/","name":"VEIGA Rechtsanwaltskanzlei - RA Maria de F\u00e1tima Veiga - Frankfurt","description":"Eine weitere VEIGA Rechtsanwaltskanzlei - RA Maria Veiga Websites Website","potentialAction":[{"@type":"SearchAction","target":{"@type":"EntryPoint","urlTemplate":"https:\/\/veiga-law.com\/2017\/port\/?s={search_term_string}"},"query-input":{"@type":"PropertyValueSpecification","valueRequired":true,"valueName":"search_term_string"}}],"inLanguage":"pt-PT"}]}},"_links":{"self":[{"href":"https:\/\/veiga-law.com\/2017\/port\/wp-json\/wp\/v2\/pages\/65","targetHints":{"allow":["GET"]}}],"collection":[{"href":"https:\/\/veiga-law.com\/2017\/port\/wp-json\/wp\/v2\/pages"}],"about":[{"href":"https:\/\/veiga-law.com\/2017\/port\/wp-json\/wp\/v2\/types\/page"}],"author":[{"embeddable":true,"href":"https:\/\/veiga-law.com\/2017\/port\/wp-json\/wp\/v2\/users\/1"}],"replies":[{"embeddable":true,"href":"https:\/\/veiga-law.com\/2017\/port\/wp-json\/wp\/v2\/comments?post=65"}],"version-history":[{"count":7,"href":"https:\/\/veiga-law.com\/2017\/port\/wp-json\/wp\/v2\/pages\/65\/revisions"}],"predecessor-version":[{"id":162,"href":"https:\/\/veiga-law.com\/2017\/port\/wp-json\/wp\/v2\/pages\/65\/revisions\/162"}],"wp:attachment":[{"href":"https:\/\/veiga-law.com\/2017\/port\/wp-json\/wp\/v2\/media?parent=65"}],"curies":[{"name":"wp","href":"https:\/\/api.w.org\/{rel}","templated":true}]}}