{"id":25,"date":"2017-11-15T17:54:56","date_gmt":"2017-11-15T16:54:56","guid":{"rendered":"http:\/\/veiga-law.com\/2017\/?page_id=25"},"modified":"2024-11-18T15:52:32","modified_gmt":"2024-11-18T14:52:32","slug":"impressum","status":"publish","type":"page","link":"https:\/\/veiga-law.com\/2017\/impressum\/","title":{"rendered":"Impressum"},"content":{"rendered":"<p><div class=\"fusion-fullwidth fullwidth-box fusion-builder-row-1 nonhundred-percent-fullwidth non-hundred-percent-height-scrolling\" style=\"--awb-border-radius-top-left:0px;--awb-border-radius-top-right:0px;--awb-border-radius-bottom-right:0px;--awb-border-radius-bottom-left:0px;--awb-margin-top:-70px;--awb-margin-bottom:0px;--awb-background-color:#4e88aa;--awb-flex-wrap:wrap;\" ><div class=\"fusion-builder-row fusion-row\"><div class=\"fusion-layout-column fusion_builder_column fusion-builder-column-0 fusion_builder_column_1_1 1_1 fusion-one-full fusion-column-first fusion-column-last\" style=\"--awb-padding-top:40px;--awb-bg-color:#4e88aa;--awb-bg-color-hover:#4e88aa;--awb-bg-size:cover;--awb-margin-bottom:0px;\"><div class=\"fusion-column-wrapper fusion-flex-column-wrapper-legacy\"><div class=\"fusion-content-boxes content-boxes columns row fusion-columns-4 fusion-columns-total-4 fusion-content-boxes-1 content-boxes-icon-with-title content-left information\" style=\"--awb-backgroundcolor:rgba(160,160,160,0);--awb-body-color:#ffffff;--awb-title-color:#ffffff;--awb-margin-top:0px;--awb-margin-bottom:0px;--awb-hover-accent-color:#a0ce4e;--awb-circle-hover-accent-color:#a0ce4e;\" data-animationOffset=\"top-into-view\"><div style=\"--awb-backgroundcolor:rgba(160,160,160,0);\" class=\"fusion-column content-box-column content-box-column content-box-column-1 col-lg-3 col-md-3 col-sm-3 fusion-content-box-hover content-box-column-first-in-row\"><div class=\"col content-box-wrapper content-wrapper link-area-link-icon icon-hover-animation-fade\" data-animationOffset=\"top-into-view\"><div class=\"fusion-clearfix\"><\/div><div class=\"content-container\">\n<p><strong>Maria Veiga<\/strong><br \/>\nRechtsanw\u00e4ltin<br \/>\nFachanw\u00e4ltin f\u00fcr Arbeitsrecht<\/p>\n<\/div><\/div><\/div><div style=\"--awb-backgroundcolor:rgba(160,160,160,0);\" class=\"fusion-column content-box-column content-box-column content-box-column-2 col-lg-3 col-md-3 col-sm-3 fusion-content-box-hover \"><div class=\"col content-box-wrapper content-wrapper link-area-link-icon icon-hover-animation-fade\" data-animationOffset=\"top-into-view\"><div class=\"fusion-clearfix\"><\/div><div class=\"content-container\">\n<p><strong>Weitere Schwerpunkte<\/strong><br \/>\nHandels- und Gesellschaftsrecht<br \/>\nInternationales Privatrecht<br \/>\nFamilien- und Erbrecht<\/p>\n<\/div><\/div><\/div><div style=\"--awb-backgroundcolor:rgba(160,160,160,0);\" class=\"fusion-column content-box-column content-box-column content-box-column-3 col-lg-3 col-md-3 col-sm-3 fusion-content-box-hover \"><div class=\"col content-box-wrapper content-wrapper link-area-link-icon icon-hover-animation-fade\" data-animationOffset=\"top-into-view\"><div class=\"fusion-clearfix\"><\/div><div class=\"content-container\">\n<p>Wildunger Str. 1a<br \/>\nD-60487 Frankfurt am Main<\/p>\n<\/div><\/div><\/div><div style=\"--awb-backgroundcolor:rgba(150,150,150,0);\" class=\"fusion-column content-box-column content-box-column content-box-column-4 col-lg-3 col-md-3 col-sm-3 fusion-content-box-hover content-box-column-last content-box-column-last-in-row\"><div class=\"col content-box-wrapper content-wrapper link-area-link-icon icon-hover-animation-fade\" data-animationOffset=\"top-into-view\"><div class=\"fusion-clearfix\"><\/div><div class=\"content-container\">\n<p>Telefon\u00a0+49 (0) 69 970 86 280<br \/>\nFax\u00a0+49 (0) 69 970 86 281<br \/>\n<a href=\"mailto:mail@veiga-law.com\">mail@veiga-law.com<\/a><br \/>\n<a href=\"https:\/\/veiga-law.com\/\">www.veiga-law.com<\/a><\/p>\n<\/div><\/div><\/div><div class=\"fusion-clearfix\"><\/div><\/div><div class=\"fusion-clearfix\"><\/div><\/div><\/div><\/div><div class=\"fusion-builder-row fusion-row\"><\/div><\/div><div class=\"fusion-fullwidth fullwidth-box fusion-builder-row-2 nonhundred-percent-fullwidth non-hundred-percent-height-scrolling startseite-rechtsgebiete\" style=\"--awb-border-radius-top-left:0px;--awb-border-radius-top-right:0px;--awb-border-radius-bottom-right:0px;--awb-border-radius-bottom-left:0px;--awb-margin-top:40px;--awb-margin-bottom:60px;--awb-flex-wrap:wrap;\" ><div class=\"fusion-builder-row fusion-row\"><div class=\"fusion-layout-column fusion_builder_column fusion-builder-column-1 fusion_builder_column_1_1 1_1 fusion-one-full fusion-column-first fusion-column-last\" style=\"--awb-bg-size:cover;--awb-margin-bottom:40px;\"><div class=\"fusion-column-wrapper fusion-flex-column-wrapper-legacy\"><div class=\"fusion-title title fusion-title-1 sep-underline sep-solid fusion-title-text fusion-title-size-two\" style=\"--awb-margin-top-small:0px;--awb-margin-right-small:0px;--awb-margin-bottom-small:20px;--awb-margin-left-small:0px;\"><h2 class=\"fusion-title-heading title-heading-left\" style=\"margin:0;\">IMPRESSUM<\/h2><\/div><div class=\"fusion-clearfix\"><\/div><\/div><\/div><div class=\"fusion-layout-column fusion_builder_column fusion-builder-column-2 fusion_builder_column_1_1 1_1 fusion-one-full fusion-column-first fusion-column-last\" style=\"--awb-bg-size:cover;--awb-margin-bottom:40px;\"><div class=\"fusion-column-wrapper fusion-flex-column-wrapper-legacy\"><div class=\"fusion-text fusion-text-1\"><p><strong>I. Informationspflichten gem\u00e4\u00df \u00a7 5 DDG:<\/strong><\/p>\n<p>Anbieter der Webseite:<\/p>\n<p>Maria Veiga<br \/>\nVEIGA Rechtsanwaltskanzlei<br \/>\nWildunger Strasse 1a<br \/>\n60487 Frankfurt am Main<\/p>\n<p>Telefon: 069 &#8211; 97 08 62 80<br \/>\nFax: 069 &#8211; 97 08 62 81<\/p>\n<p><strong>Email:<\/strong> <a href=\"mailto:mail@veiga-law.com\">mail@veiga-law.com<\/a><br \/>\n<strong>Internet<\/strong>: <a href=\"http:\/\/www.veiga-law.com\">www.veiga-law.com<\/a><\/p>\n<p><strong>Umsatzsteueridentifikationsnummer:<\/strong> DE212517241<\/p>\n<p>Gesetzliche Berufsbezeichnung: Rechtsanw\u00e4ltin<br \/>\nStaat der Zulassung: Bundesrepublik Deutschland<\/p>\n<p><strong>Zust\u00e4ndige Kammer und zugleich Aufsichtsbeh\u00f6rde:<\/strong><br \/>\nRechtsanwaltskammer Frankfurt am Main<br \/>\nBockenheimer Anlage 36<br \/>\n60322 Frankfurt am Main<br \/>\nTelefon: +49 (69) 170098-01<br \/>\nFax: +49 (69) 170098-50<br \/>\nE-Mail: <a href=\"mailto:info@rechtsanwaltskammer-ffm.de\" target=\"_blank\" rel=\"noopener\">info@rechtsanwaltskammer-ffm.de<\/a><br \/>\nInternet: <a href=\"http:\/\/www.rechtsanwaltskammer-ffm.de\" target=\"_blank\" rel=\"noopener\">www.rechtsanwaltskammer-ffm.de<\/a><\/p>\n<p><strong>Berufsrechtliche Regelungen:<\/strong><br \/>\nBundesrechtsanwaltsordnung (BRAO)<br \/>\nFachanwaltsordnung (FAO)<br \/>\nBerufsordnung f\u00fcr Rechtsanw\u00e4lte (BORA)<br \/>\nRechtsanwaltsverg\u00fctungsgesetz (RVG)<br \/>\nBerufsregeln der Rechtsanw\u00e4lte der Europ\u00e4ischen Union (CCBE-Berufsregeln)<br \/>\nGesetz \u00fcber die T\u00e4tigkeit europ\u00e4ischer Rechtsanw\u00e4lte in Deutschland (EuRAG)<\/p>\n<p>Diese Regelungen sowie weitere anwendbare Regelungen finden Sie auf der Internetseite der Bundesrechtsanwaltskammer (BRAK) auf folgendem Link: <a href=\"http:\/\/www.brak.de\/seiten\/06.php\" target=\"_blank\" rel=\"noopener\">www.brak.de\/seiten\/06.php<\/a> unter der Rubrik \u201cBerufsrecht\u201d<\/p>\n<p><strong>II. Verantwortlicher nach \u00a7 55 Abs. 2 Rundfunkstaatsvertrag (RStV)<\/strong><\/p>\n<p>Maria de F\u00e1tima Veiga<br \/>\nWildunger Strasse 1a<br \/>\n60487 Frankfurt am Main<br \/>\nEmail <a href=\"mailto:mail@veiga-law.com\">mail@veiga-law.com <\/a><\/p>\n<p><strong>III. Information bez\u00fcglich einer Verbraucherschlichtungsstelle<\/strong><\/p>\n<p>Schlichtungsstelle der Rechtsanwaltschaft<br \/>\nRauchstra\u00dfe 26, 10787 Berlin<br \/>\nE-Mail <a href=\"mailto:schlichtungsstelle@s-d-r.org\" target=\"_blank\" rel=\"noopener\">schlichtungsstelle@s-d-r.org<\/a><br \/>\nhttp:\/\/www.schlichtungsstelle-der-rechtsanwaltschaft.de<\/p>\n<p>Wir weisen ausdr\u00fccklich darauf hin, dass wir weder verpflichtet noch dazu bereit sind, im Falle einer Streitigkeit mit einem Verbraucher an einem Streitbeilegungsverfahren vor dieser Verbraucherschlichtungsstelle oder einer etwaig anderen teilzunehmen.<\/p>\n<p><strong>VI. Online-Streitbeilegung<\/strong>:<\/p>\n<p>Plattform der EU zur au\u00dfergerichtlichen Online-Streitbeilegung: <a href=\"http:\/\/ec.europa.eu\/consumers\/odr\/\" target=\"_blank\" rel=\"noopener\">http:\/\/ec.europa.eu\/consumers\/odr\/<\/a><\/p>\n<p>Meine Emailadresse: <a href=\"mailto:mail@veiga-law.com\">mail@veiga-law.com<\/a><\/p>\n<p><strong>V. Copyright<\/strong><\/p>\n<p>\u00dcber uns\/ Frankfurt: pixelio@siepmannH<br \/>\n\u00dcber uns\/ Lissabon: pixelio.de@H.D.Volz<br \/>\n\u00dcber uns\/ Rio de Janeiro: pixabay@nuno_lopes<\/p>\n<\/div><div class=\"fusion-clearfix\"><\/div><\/div><\/div><\/div><\/div><div class=\"fusion-fullwidth fullwidth-box fusion-builder-row-3 nonhundred-percent-fullwidth non-hundred-percent-height-scrolling\" style=\"--awb-border-radius-top-left:0px;--awb-border-radius-top-right:0px;--awb-border-radius-bottom-right:0px;--awb-border-radius-bottom-left:0px;--awb-margin-top:-60px;--awb-margin-bottom:0px;--awb-background-color:#4e88aa;--awb-flex-wrap:wrap;\" ><div class=\"fusion-builder-row fusion-row\"><div class=\"fusion-layout-column fusion_builder_column fusion-builder-column-3 fusion_builder_column_1_1 1_1 fusion-one-full fusion-column-first fusion-column-last\" style=\"--awb-padding-top:40px;--awb-bg-color:#4e88aa;--awb-bg-color-hover:#4e88aa;--awb-bg-size:cover;--awb-margin-bottom:0px;\"><div class=\"fusion-column-wrapper fusion-flex-column-wrapper-legacy\"><div class=\"fusion-reading-box-container reading-box-container-1\" style=\"--awb-title-color:#4d88aa;--awb-margin-top:-40px;--awb-margin-bottom:0px;\"><div class=\"reading-box reading-box-center\" style=\"background-color:#4e88aa;border-width:0px;border-color:#f6f6f6;border-style:solid;\"><a class=\"button fusion-button button-default fusion-button-default-size button-default-size button-flat fusion-mobile-button continue-center\" style=\"-webkit-box-shadow:none;-moz-box-shadow:none;box-shadow:none;border-radius:2px 2px 2px 2px\" href=\"https:\/\/veiga-law.com\/2017\/kontakt\/\" target=\"_self\"><span>Kontakt<\/span><\/a><\/div><\/div><div class=\"fusion-clearfix\"><\/div><\/div><\/div><\/div><\/div><\/p>\n","protected":false},"excerpt":{"rendered":"","protected":false},"author":1,"featured_media":0,"parent":0,"menu_order":0,"comment_status":"closed","ping_status":"closed","template":"100-width.php","meta":{"footnotes":""},"class_list":["post-25","page","type-page","status-publish","hentry"],"yoast_head":"<!-- This site is optimized with the Yoast SEO plugin v27.4 - https:\/\/yoast.com\/product\/yoast-seo-wordpress\/ -->\n<title>Impressum - VEIGA Rechtsanwaltskanzlei - RA Maria Veiga Frankfurt<\/title>\n<meta name=\"robots\" content=\"index, follow, max-snippet:-1, max-image-preview:large, max-video-preview:-1\" \/>\n<link rel=\"canonical\" href=\"https:\/\/veiga-law.com\/2017\/impressum\/\" \/>\n<meta property=\"og:locale\" content=\"de_DE\" \/>\n<meta property=\"og:type\" content=\"article\" \/>\n<meta property=\"og:title\" content=\"Impressum - VEIGA Rechtsanwaltskanzlei - RA Maria Veiga Frankfurt\" \/>\n<meta property=\"og:url\" content=\"https:\/\/veiga-law.com\/2017\/impressum\/\" \/>\n<meta property=\"og:site_name\" content=\"VEIGA Rechtsanwaltskanzlei - RA Maria Veiga Frankfurt\" \/>\n<meta property=\"article:modified_time\" content=\"2024-11-18T14:52:32+00:00\" \/>\n<meta name=\"twitter:card\" content=\"summary_large_image\" \/>\n<meta name=\"twitter:label1\" content=\"Gesch\u00e4tzte Lesezeit\" \/>\n\t<meta name=\"twitter:data1\" content=\"2\u00a0Minuten\" \/>\n<script type=\"application\/ld+json\" class=\"yoast-schema-graph\">{\"@context\":\"https:\\\/\\\/schema.org\",\"@graph\":[{\"@type\":\"WebPage\",\"@id\":\"https:\\\/\\\/veiga-law.com\\\/2017\\\/impressum\\\/\",\"url\":\"https:\\\/\\\/veiga-law.com\\\/2017\\\/impressum\\\/\",\"name\":\"Impressum - VEIGA Rechtsanwaltskanzlei - RA Maria Veiga Frankfurt\",\"isPartOf\":{\"@id\":\"https:\\\/\\\/veiga-law.com\\\/2017\\\/#website\"},\"datePublished\":\"2017-11-15T16:54:56+00:00\",\"dateModified\":\"2024-11-18T14:52:32+00:00\",\"breadcrumb\":{\"@id\":\"https:\\\/\\\/veiga-law.com\\\/2017\\\/impressum\\\/#breadcrumb\"},\"inLanguage\":\"de\",\"potentialAction\":[{\"@type\":\"ReadAction\",\"target\":[\"https:\\\/\\\/veiga-law.com\\\/2017\\\/impressum\\\/\"]}]},{\"@type\":\"BreadcrumbList\",\"@id\":\"https:\\\/\\\/veiga-law.com\\\/2017\\\/impressum\\\/#breadcrumb\",\"itemListElement\":[{\"@type\":\"ListItem\",\"position\":1,\"name\":\"Startseite\",\"item\":\"https:\\\/\\\/veiga-law.com\\\/2017\\\/\"},{\"@type\":\"ListItem\",\"position\":2,\"name\":\"Impressum\"}]},{\"@type\":\"WebSite\",\"@id\":\"https:\\\/\\\/veiga-law.com\\\/2017\\\/#website\",\"url\":\"https:\\\/\\\/veiga-law.com\\\/2017\\\/\",\"name\":\"VEIGA Rechtsanwaltskanzlei - RA Maria Veiga Frankfurt\",\"description\":\"\",\"potentialAction\":[{\"@type\":\"SearchAction\",\"target\":{\"@type\":\"EntryPoint\",\"urlTemplate\":\"https:\\\/\\\/veiga-law.com\\\/2017\\\/?s={search_term_string}\"},\"query-input\":{\"@type\":\"PropertyValueSpecification\",\"valueRequired\":true,\"valueName\":\"search_term_string\"}}],\"inLanguage\":\"de\"}]}<\/script>\n<!-- \/ Yoast SEO plugin. -->","yoast_head_json":{"title":"Impressum - VEIGA Rechtsanwaltskanzlei - RA Maria Veiga Frankfurt","robots":{"index":"index","follow":"follow","max-snippet":"max-snippet:-1","max-image-preview":"max-image-preview:large","max-video-preview":"max-video-preview:-1"},"canonical":"https:\/\/veiga-law.com\/2017\/impressum\/","og_locale":"de_DE","og_type":"article","og_title":"Impressum - VEIGA Rechtsanwaltskanzlei - RA Maria Veiga Frankfurt","og_url":"https:\/\/veiga-law.com\/2017\/impressum\/","og_site_name":"VEIGA Rechtsanwaltskanzlei - RA Maria Veiga Frankfurt","article_modified_time":"2024-11-18T14:52:32+00:00","twitter_card":"summary_large_image","twitter_misc":{"Gesch\u00e4tzte Lesezeit":"2\u00a0Minuten"},"schema":{"@context":"https:\/\/schema.org","@graph":[{"@type":"WebPage","@id":"https:\/\/veiga-law.com\/2017\/impressum\/","url":"https:\/\/veiga-law.com\/2017\/impressum\/","name":"Impressum - VEIGA Rechtsanwaltskanzlei - RA Maria Veiga Frankfurt","isPartOf":{"@id":"https:\/\/veiga-law.com\/2017\/#website"},"datePublished":"2017-11-15T16:54:56+00:00","dateModified":"2024-11-18T14:52:32+00:00","breadcrumb":{"@id":"https:\/\/veiga-law.com\/2017\/impressum\/#breadcrumb"},"inLanguage":"de","potentialAction":[{"@type":"ReadAction","target":["https:\/\/veiga-law.com\/2017\/impressum\/"]}]},{"@type":"BreadcrumbList","@id":"https:\/\/veiga-law.com\/2017\/impressum\/#breadcrumb","itemListElement":[{"@type":"ListItem","position":1,"name":"Startseite","item":"https:\/\/veiga-law.com\/2017\/"},{"@type":"ListItem","position":2,"name":"Impressum"}]},{"@type":"WebSite","@id":"https:\/\/veiga-law.com\/2017\/#website","url":"https:\/\/veiga-law.com\/2017\/","name":"VEIGA Rechtsanwaltskanzlei - RA Maria Veiga Frankfurt","description":"","potentialAction":[{"@type":"SearchAction","target":{"@type":"EntryPoint","urlTemplate":"https:\/\/veiga-law.com\/2017\/?s={search_term_string}"},"query-input":{"@type":"PropertyValueSpecification","valueRequired":true,"valueName":"search_term_string"}}],"inLanguage":"de"}]}},"_links":{"self":[{"href":"https:\/\/veiga-law.com\/2017\/wp-json\/wp\/v2\/pages\/25","targetHints":{"allow":["GET"]}}],"collection":[{"href":"https:\/\/veiga-law.com\/2017\/wp-json\/wp\/v2\/pages"}],"about":[{"href":"https:\/\/veiga-law.com\/2017\/wp-json\/wp\/v2\/types\/page"}],"author":[{"embeddable":true,"href":"https:\/\/veiga-law.com\/2017\/wp-json\/wp\/v2\/users\/1"}],"replies":[{"embeddable":true,"href":"https:\/\/veiga-law.com\/2017\/wp-json\/wp\/v2\/comments?post=25"}],"version-history":[{"count":10,"href":"https:\/\/veiga-law.com\/2017\/wp-json\/wp\/v2\/pages\/25\/revisions"}],"predecessor-version":[{"id":528,"href":"https:\/\/veiga-law.com\/2017\/wp-json\/wp\/v2\/pages\/25\/revisions\/528"}],"wp:attachment":[{"href":"https:\/\/veiga-law.com\/2017\/wp-json\/wp\/v2\/media?parent=25"}],"curies":[{"name":"wp","href":"https:\/\/api.w.org\/{rel}","templated":true}]}}